{"id":13,"date":"2012-10-16T17:26:33","date_gmt":"2012-10-16T17:26:33","guid":{"rendered":"http:\/\/motormania.info\/MM\/?page_id=13"},"modified":"2024-09-04T21:44:43","modified_gmt":"2024-09-04T20:44:43","slug":"subida-a-san-marcial","status":"publish","type":"page","link":"https:\/\/motormania.info\/MM\/subida-a-san-marcial\/","title":{"rendered":"Subida a San Marcial"},"content":{"rendered":"<p style=\"text-align: justify;\">A mediados de los &#8217;60 el <strong>Real Autom\u00f3vil Club VascoNavarro<\/strong>, quiz\u00e1 motivado por la falta de circuitos en Euskadi, empez\u00f3 a barajar la idea de organizar <strong>carreras en cuesta<\/strong>, una f\u00f3rmula muy arraigada y exitosa en otras regiones como Catalu\u00f1a. En 1.967 se disput\u00f3 la 1\u00aa <strong>Subida a Jaizkibel<\/strong>, que sentar\u00eda las bases de lo que en a\u00f1os posteriores ser\u00eda el Campeonato Vasco de monta\u00f1a, ya que sirvi\u00f3 de ejemplo para que las delegaciones provinciales del Club organizasen, a partir del a\u00f1o siguiente, subidas en <strong>Arrate<\/strong> (Eibar), <strong>Opakua<\/strong> (Vitoria), <strong>Urbasa<\/strong> (Palmplona), y la prueba que nos ocupa, la <strong>Subida automovil\u00edstica a San Marcial<\/strong> organizada por la delegaci\u00f3n de Ir\u00fan (Gipuzkoa)<\/p>\n<figure style=\"width: 397px\" class=\"wp-caption aligncenter\"><img loading=\"lazy\" decoding=\"async\" class=\"\" src=\"http:\/\/motormania.info\/sanmarcial\/sanmarcial030.jpg\" alt=\"Jes\u00fas Saez de Buruaga (1.968)\" width=\"397\" height=\"248\" \/><figcaption class=\"wp-caption-text\">Jes\u00fas Saez de Buruaga (1.968)<\/figcaption><\/figure>\n<p style=\"text-align: justify;\">El recorrido inicial contaba con 3.100 m que part\u00edan frente al antiguo restaurante Toki-Alai, atravesando la barriada de Alzukaitz para llegar a una de las zonas m\u00e1s famosas de la prueba, el <strong>salto en el puente sobre la regata del Artia<\/strong>. \u00c9ste estaba seguido de otro m\u00e1s peque\u00f1o, pero en curva, que marcaba el inicio de la subida al cementerio, una larga recta con mucho desnivel que finalizaba en una zona llana con una curva a derechas muy cerrada, que se hizo famosa en 1.979 cuando el SIMCA de <strong>Freddy<\/strong> se pas\u00f3 de frenda y atropell\u00f3 a 8 espectadores. Seguidamente se cruzaba la vaguada de la autopista AP-8 (a\u00fan sin construir en las primeras ediciones) para afrontar la subida propiamente dicha con sus cuatro caracter\u00edsticas paellas, con la meta situdada tras la \u00faltima de ellas.<\/p>\n<figure style=\"width: 399px\" class=\"wp-caption aligncenter\"><img loading=\"lazy\" decoding=\"async\" class=\"\" src=\"http:\/\/motormania.info\/sanmarcial\/sanmarcial024.jpg\" alt=\"Salto el el puente de Artia (Joaqu\u00edn de Le\u00f3n, 1.974)\" width=\"399\" height=\"295\" \/><figcaption class=\"wp-caption-text\">Salto el el puente de Artia (Joaqu\u00edn de Le\u00f3n, 1.974)<\/figcaption><\/figure>\n<p style=\"text-align: justify;\">Con el paso de los a\u00f1os la ciudad fue creciendo, lo que oblig\u00f3 en 1.976 a acortar <strong>300 m<\/strong> su recorrido para evitar el paso por el nucleo urbano. La salida se situaba ahora 50 m antes del primer salto. En la \u00faltima edici\u00f3n, disputada en 1.979, se volvi\u00f3 a recortar el recorrido otros <strong>100 m<\/strong>, suprimi\u00e9ndose el primer salto.<\/p>\n<figure style=\"width: 402px\" class=\"wp-caption aligncenter\"><img loading=\"lazy\" decoding=\"async\" class=\"\" src=\"http:\/\/motormania.info\/sanmarcial\/sanmarcial008.jpg\" alt=\"Vilari\u00f1o SIMCA Rallye en la curva del Cementerio\" width=\"402\" height=\"311\" \/><figcaption class=\"wp-caption-text\">Vilari\u00f1o en la curva del Cementerio (Foto; J. Estomba)<\/figcaption><\/figure>\n<p style=\"text-align: justify;\">Los accidentes acaecidos en la \u00faltima edici\u00f3n, un trazado muy corto y cada vez m\u00e1s urbanizado que ex\u00edgia demasiados medios a la organizaci\u00f3n, y a la importacia que estaba adquiriendo la Subida a Jaizkibel, que concentr\u00f3 toda la atenci\u00f3n de RAC Vasco-Navarro, propiciaron que la prueba cayese en el olvido.<\/p>\n<figure style=\"width: 393px\" class=\"wp-caption aligncenter\"><img loading=\"lazy\" decoding=\"async\" class=\"\" src=\"http:\/\/motormania.info\/sanmarcial\/sanmarcial031.jpg\" alt=\"Juan A. Breda en el Rallye Vertiz de 1.980\" width=\"393\" height=\"228\" \/><figcaption class=\"wp-caption-text\">Juan A. Breda en el Rallye Vertiz de 1.980<\/figcaption><\/figure>\n<p style=\"text-align: justify;\">S\u00f3lo se correr\u00eda en San Marcial en tres ocasiones m\u00e1s. La primera de ellas en el<strong> I Rallye Vertiz<\/strong> de 1.980, en el que se disput\u00f3 como tramo final tomando la salida desde el cementerio (2.100 m). La segunda fue en 1.981, en el<strong> I RallySprint Jaizkibel Txiki &#8211; Gwendolyne<\/strong>, patrocinado por la discoteca Irunesa Gwendolyne (actualmente Zona L\u00edmite). Tras realizar tres pasadas a Jaizkibel, la prueba finalizaba con una subida a San Marcial. Por \u00faltimo en 1.989 se disput\u00f3 una<strong> Subida Motociclista<\/strong>. En 2019 el <strong><a href=\"http:\/\/motormania.info\/MM\/2019\/03\/27\/rallye-bidasoa-2019-12a-edicion\/\">Rallye Bidasoa<\/a> <\/strong>cont\u00f3 con un tramo cuya \u00faltima parte realizaba el recorrido de la subida en sentido inverso.<\/p>\n<p><strong>Rememoraci\u00f3n Hist\u00f3rica<\/strong><\/p>\n<p style=\"text-align: justify;\">Entre 2016 y 2022, la <strong>Escuder\u00eda Sport Classic<\/strong> organiz\u00f3 la <a href=\"http:\/\/motormania.info\/MM\/2019\/04\/14\/rememoracion-historica-de-la-subida-a-san-marcial-2019-4a-edicion\/\"><strong>Rememoraci\u00f3n Hist\u00f3rica de la Subida automovil\u00edstica a San Marcial<\/strong><\/a>. Se trataba de una exhibici\u00f3n no cronometrada en carretera cerrada destinada a coches cl\u00e1sicos entre los que destacaron pilotos que en su d\u00eda compitieron en la prueba original como <strong>Christian Chambres<\/strong> (Ford Escort MKII RS2000), <strong>Javier Aldaraborda<\/strong> (SIMCA Rallye) o <strong>Serge Coursan<\/strong> (Ford Escort MKII RS2000).<\/p>\n<p style=\"text-align: center;\"><strong>PALMAR\u00c9S<\/strong><\/p>\n<table border=\"4\" width=\"602\" cellspacing=\"2\" align=\"center\">\n<tbody>\n<tr class=\"Estilo20\" bgcolor=\"ff9900\">\n<td bgcolor=\"#FFFFFF\" width=\"59\">\n<div class=\"Estilo35\" align=\"center\"><strong>Edici\u00f3n<\/strong><\/div>\n<\/td>\n<td bgcolor=\"#FFFFFF\" width=\"62\">\n<div class=\"Estilo35\" align=\"center\"><strong>Reportaje<\/strong><\/div>\n<\/td>\n<td bgcolor=\"#FFFFFF\" width=\"191\">\n<div class=\"Estilo35\" align=\"center\"><strong>Piloto<\/strong><\/div>\n<\/td>\n<td bgcolor=\"#FFFFFF\" width=\"103\">\n<div class=\"Estilo35\" align=\"center\"><strong>Coche<\/strong><\/div>\n<\/td>\n<td bgcolor=\"#FFFFFF\" width=\"71\">\n<div class=\"Estilo35\" align=\"center\"><strong>Tramo<\/strong><\/div>\n<\/td>\n<td bgcolor=\"#FFFFFF\" width=\"70\">\n<div class=\"Estilo32\" align=\"center\"><strong>Tiempo<\/strong><\/div>\n<\/td>\n<\/tr>\n<tr class=\"Estilo20\">\n<td bgcolor=\"#FFFFFF\">\n<div class=\"Estilo35\" align=\"center\"><strong>I (1.968)<br \/>\n<\/strong><\/div>\n<\/td>\n<td bgcolor=\"#FFFFFF\">\n<div class=\"Estilo32\" style=\"text-align: center;\" align=\"center\"><a href=\"http:\/\/motormania.info\/MM\/2016\/07\/20\/subida-a-san-marcial-1-968-1a-edicion\/\">[ver &gt;&gt;&gt;]<\/a><\/div>\n<\/td>\n<td bgcolor=\"#FFFFFF\">\n<div class=\"Estilo32\" align=\"center\">\n<div class=\"Estilo32\" align=\"center\">Jes\u00fas Saez de Buruaga<\/div>\n<\/div>\n<\/td>\n<td bgcolor=\"#FFFFFF\">\n<div class=\"Estilo32\" align=\"center\">Mini Cooper<\/div>\n<\/td>\n<td bgcolor=\"#FFFFFF\">\n<div class=\"Estilo32\" align=\"center\">3.100 m<\/div>\n<\/td>\n<td bgcolor=\"#FFFFFF\">\n<div class=\"Estilo32\" align=\"center\">2&#8242; 29,00&#8243;<\/div>\n<\/td>\n<\/tr>\n<tr class=\"Estilo20\">\n<td bgcolor=\"#FFFFFF\">\n<div class=\"Estilo35\" align=\"center\"><strong>II (1.969)<\/strong><\/div>\n<\/td>\n<td bgcolor=\"#FFFFFF\">\n<div class=\"Estilo32\" align=\"center\"><a href=\"http:\/\/motormania.info\/MM\/2015\/10\/16\/subida-a-san-marcial-1-969-2a-edicion\/\">[ver &gt;&gt;&gt;]<\/a><\/div>\n<\/td>\n<td bgcolor=\"#FFFFFF\">\n<div class=\"Estilo32\" align=\"center\">Jose Ignacio Sunsundegui<\/div>\n<\/td>\n<td bgcolor=\"#FFFFFF\">\n<div class=\"Estilo32\" align=\"center\">Mini Cooper<\/div>\n<\/td>\n<td bgcolor=\"#FFFFFF\">\n<div class=\"Estilo32\" align=\"center\">3.100 m<\/div>\n<\/td>\n<td bgcolor=\"#FFFFFF\">\n<div class=\"Estilo32\" align=\"center\">2&#8242; 26,00&#8243;<\/div>\n<\/td>\n<\/tr>\n<tr class=\"Estilo20\">\n<td bgcolor=\"#FFFFFF\">\n<div class=\"Estilo35\" align=\"center\"><strong>III (1.970)<\/strong><\/div>\n<\/td>\n<td bgcolor=\"#FFFFFF\">\n<div class=\"Estilo32\" align=\"center\"><a href=\"http:\/\/motormania.info\/MM\/2014\/10\/17\/subida-a-san-marcial-1-970-3a-edicion\/\">[ver &gt;&gt;&gt;]<\/a><\/div>\n<\/td>\n<td bgcolor=\"#FFFFFF\">\n<div class=\"Estilo32\" align=\"center\">Jose Ignacio Sunsundegui<\/div>\n<\/td>\n<td bgcolor=\"#FFFFFF\">\n<div class=\"Estilo32\" align=\"center\">Alpine A110<\/div>\n<\/td>\n<td bgcolor=\"#FFFFFF\">\n<div class=\"Estilo32\" align=\"center\">3.100 m<\/div>\n<\/td>\n<td bgcolor=\"#FFFFFF\">\n<div class=\"Estilo32\" align=\"center\">2&#8242; 20,60&#8243;<\/div>\n<\/td>\n<\/tr>\n<tr class=\"Estilo20\">\n<td bgcolor=\"#FFFFFF\">\n<div class=\"Estilo35\" align=\"center\"><strong>IV (1.973)<\/strong><\/div>\n<\/td>\n<td style=\"text-align: center;\" bgcolor=\"#FFFFFF\"><a href=\"http:\/\/motormania.info\/MM\/2013\/10\/05\/subida-a-san-marcial-1-973-4a-edicion\/\">\u00a0[ver &gt;&gt;&gt;]<\/a><\/td>\n<td bgcolor=\"#FFFFFF\">\n<div class=\"Estilo32\" align=\"center\">Jose Ignacio Sunsundegui<\/div>\n<\/td>\n<td bgcolor=\"#FFFFFF\">\n<div class=\"Estilo32\" align=\"center\">Alpine A110<\/div>\n<\/td>\n<td bgcolor=\"#FFFFFF\">\n<div class=\"Estilo32\" align=\"center\">3.100 m<\/div>\n<\/td>\n<td bgcolor=\"#FFFFFF\">\n<div class=\"Estilo32\" align=\"center\">2&#8242; 14,60&#8243;<\/div>\n<\/td>\n<\/tr>\n<tr class=\"Estilo20\">\n<td bgcolor=\"#FFFFFF\">\n<div class=\"Estilo35\" align=\"center\"><strong>V (1.974)<\/strong><\/div>\n<\/td>\n<td style=\"text-align: center;\" bgcolor=\"#FFFFFF\">\u00a0<a href=\"http:\/\/motormania.info\/MM\/2013\/06\/11\/subida-a-san-marcial-1-974-5a-edicion\/\">[ver &gt;&gt;&gt;]<\/a><\/td>\n<td bgcolor=\"#FFFFFF\">\n<div class=\"Estilo32\" align=\"center\">Christian Morrisson<\/div>\n<\/td>\n<td bgcolor=\"#FFFFFF\">\n<div class=\"Estilo32\" align=\"center\">Barqueta<\/div>\n<\/td>\n<td bgcolor=\"#FFFFFF\">\n<div class=\"Estilo32\" align=\"center\">3.400 m<\/div>\n<\/td>\n<td bgcolor=\"#FFFFFF\">\n<div class=\"Estilo32\" align=\"center\">2&#8242; 45,20&#8243;<\/div>\n<\/td>\n<\/tr>\n<tr class=\"Estilo20\">\n<td bgcolor=\"#FFFFFF\">\n<div class=\"Estilo35\" align=\"center\"><strong>VI (1.975)<\/strong><\/div>\n<\/td>\n<td style=\"text-align: center;\" bgcolor=\"#FFFFFF\">\u00a0<a href=\"http:\/\/motormania.info\/MM\/2013\/05\/08\/subida-a-san-marcial-1-975-6a-edicion\/\">[ver &gt;&gt;&gt;]<\/a><\/td>\n<td bgcolor=\"#FFFFFF\">\n<div class=\"Estilo32\" align=\"center\">Marc Etchebers<\/div>\n<\/td>\n<td bgcolor=\"#FFFFFF\">\n<div class=\"Estilo32\" align=\"center\">Porsche 911<\/div>\n<\/td>\n<td bgcolor=\"#FFFFFF\">\n<div class=\"Estilo32\" align=\"center\">3.100 m<\/div>\n<\/td>\n<td bgcolor=\"#FFFFFF\">\n<div class=\"Estilo32\" align=\"center\">2&#8242; 05,40&#8243;<\/div>\n<\/td>\n<\/tr>\n<tr class=\"Estilo20\">\n<td bgcolor=\"#FFFFFF\">\n<div class=\"Estilo35\" align=\"center\"><strong>VII (1.976)<\/strong><\/div>\n<\/td>\n<td style=\"text-align: center;\" bgcolor=\"#FFFFFF\"><a href=\"http:\/\/motormania.info\/MM\/2008\/06\/27\/subida-a-san-marcial-1-976-7a-edicion\/\">\u00a0[ver &gt;&gt;&gt;]<\/a><\/td>\n<td bgcolor=\"#FFFFFF\">\n<div class=\"Estilo32\" align=\"center\">Pedro Rom\u00e1n<\/div>\n<\/td>\n<td bgcolor=\"#FFFFFF\">\n<div class=\"Estilo32\" align=\"center\">Selex ST-4<\/div>\n<\/td>\n<td bgcolor=\"#FFFFFF\">\n<div class=\"Estilo32\" align=\"center\">2.800 m<\/div>\n<\/td>\n<td bgcolor=\"#FFFFFF\">\n<div class=\"Estilo32\" align=\"center\">1&#8242; 56,60&#8243;<\/div>\n<\/td>\n<\/tr>\n<tr class=\"Estilo20\">\n<td bgcolor=\"#FFFFFF\">\n<div class=\"Estilo35\" align=\"center\"><strong>VIII (1.977)<\/strong><\/div>\n<\/td>\n<td style=\"text-align: center;\" bgcolor=\"#FFFFFF\"><a href=\"http:\/\/motormania.info\/MM\/2008\/01\/31\/subida-a-san-marcial-1-977-8a-edicion\/\">\u00a0[ver &gt;&gt;&gt;]<\/a><\/td>\n<td bgcolor=\"#FFFFFF\">\n<div class=\"Estilo32\" align=\"center\">Pedro Rom\u00e1n<\/div>\n<\/td>\n<td bgcolor=\"#FFFFFF\">\n<div class=\"Estilo32\" align=\"center\">Selex F-1.800<\/div>\n<\/td>\n<td bgcolor=\"#FFFFFF\">\n<div class=\"Estilo32\" align=\"center\">2.800 m<\/div>\n<\/td>\n<td bgcolor=\"#FFFFFF\">\n<div class=\"Estilo32\" align=\"center\">1&#8242; 56,10&#8243;<\/div>\n<\/td>\n<\/tr>\n<tr class=\"Estilo20\">\n<td bgcolor=\"#FFFFFF\">\n<div class=\"Estilo35\" align=\"center\"><strong>IX (1.979)<\/strong><\/div>\n<\/td>\n<td style=\"text-align: center;\" bgcolor=\"#FFFFFF\"><a href=\"http:\/\/motormania.info\/MM\/2013\/03\/05\/subida-a-san-marcial-1-979-9a-edicion\/\">\u00a0[ver &gt;&gt;&gt;]<\/a><\/td>\n<td bgcolor=\"#FFFFFF\">\n<div class=\"Estilo32\" align=\"center\">Marc Etchebers<\/div>\n<\/td>\n<td bgcolor=\"#FFFFFF\">\n<div class=\"Estilo32\" align=\"center\">Porsche 911<\/div>\n<\/td>\n<td bgcolor=\"#FFFFFF\">\n<div class=\"Estilo32\" align=\"center\">2.700 m<\/div>\n<\/td>\n<td bgcolor=\"#FFFFFF\">\n<div class=\"Estilo32\" align=\"center\">1&#8242; 48,40&#8243;<\/div>\n<\/td>\n<\/tr>\n<\/tbody>\n<\/table>\n<p style=\"text-align: center;\"><iframe loading=\"lazy\" src=\"https:\/\/mapsengine.google.com\/map\/embed?mid=zAtGjf4NEH1I.k2ibOoxdljkQ\" width=\"665\" height=\"350\"><\/iframe><\/p>\n<p class=\"Estilo17 Estilo28\" align=\"justify\"><em>Estos reportajes han sido posibles gracias a la Documentaci\u00f3n aportada por <strong>Fernando Beorlegui<\/strong> y el <strong>Archivo municipal de <a href=\"http:\/\/www.irun.org\" target=\"irun\" rel=\"noopener\">Irun<\/a><\/strong>, las fotograf\u00edas de <strong>Javier Estomba<\/strong> y <strong>Elena Sunsundegui, <\/strong>y los testimonios de los pilotos locales <strong>Jos\u00e9 Ram\u00f3n Amorena<\/strong>, <strong>Andr\u00e9s Vilari\u00f1o<\/strong>, <strong>Antonio Vergara<\/strong> y <strong>Tomas Vergara<\/strong>.<\/em><\/p>\n<p class=\"Estilo17 Estilo28\" align=\"justify\"><em>Si deseas aportar algo a ellos contacta con nosotros v\u00eda <a href=\"mailto:info@motormania.info\" target=\"cont\" rel=\"noopener\"><strong>e-mail<\/strong><\/a>, <a href=\"http:\/\/www.facebook.com\/home.php?#\/profile.php?id=699576924&amp;ref=nf\" target=\"cont\" rel=\"noopener\"><strong>Facebook<\/strong><\/a> o <a href=\"http:\/\/twitter.com\/MotorMania_web\" target=\"cont\" rel=\"noopener\"><strong>Twitter<\/strong><\/a>.<\/em><\/p>\n","protected":false},"excerpt":{"rendered":"<p>A mediados de los &#8217;60 el Real Autom\u00f3vil Club VascoNavarro, quiz\u00e1 motivado por la falta de circuitos en Euskadi, empez\u00f3 a barajar la idea de organizar carreras en cuesta, una f\u00f3rmula muy arraigada y exitosa en otras regiones como Catalu\u00f1a. En 1.967 se disput\u00f3 la[&#8230;]<\/p>\n","protected":false},"author":1,"featured_media":0,"parent":0,"menu_order":0,"comment_status":"closed","ping_status":"closed","template":"","meta":{"footnotes":""},"class_list":["post-13","page","type-page","status-publish","hentry"],"_links":{"self":[{"href":"https:\/\/motormania.info\/MM\/wp-json\/wp\/v2\/pages\/13","targetHints":{"allow":["GET"]}}],"collection":[{"href":"https:\/\/motormania.info\/MM\/wp-json\/wp\/v2\/pages"}],"about":[{"href":"https:\/\/motormania.info\/MM\/wp-json\/wp\/v2\/types\/page"}],"author":[{"embeddable":true,"href":"https:\/\/motormania.info\/MM\/wp-json\/wp\/v2\/users\/1"}],"replies":[{"embeddable":true,"href":"https:\/\/motormania.info\/MM\/wp-json\/wp\/v2\/comments?post=13"}],"version-history":[{"count":18,"href":"https:\/\/motormania.info\/MM\/wp-json\/wp\/v2\/pages\/13\/revisions"}],"predecessor-version":[{"id":3821,"href":"https:\/\/motormania.info\/MM\/wp-json\/wp\/v2\/pages\/13\/revisions\/3821"}],"wp:attachment":[{"href":"https:\/\/motormania.info\/MM\/wp-json\/wp\/v2\/media?parent=13"}],"curies":[{"name":"wp","href":"https:\/\/api.w.org\/{rel}","templated":true}]}}